{"id":777,"date":"2025-08-12T12:53:49","date_gmt":"2025-08-12T12:53:49","guid":{"rendered":"https:\/\/gestionvacacionalconil.com\/?page_id=777"},"modified":"2025-11-25T20:47:03","modified_gmt":"2025-11-25T20:47:03","slug":"politica-de-cookies","status":"publish","type":"page","link":"https:\/\/gestionvacacionalconil.com\/de-de\/politica-de-cookies\/","title":{"rendered":"Cookie-Richtlinie"},"content":{"rendered":"<style>.elementor-777 .elementor-element.elementor-element-464b2a2a{--display:flex;--padding-top:150px;--padding-bottom:150px;--padding-left:0px;--padding-right:0px;}.elementor-widget-heading .elementor-heading-title{font-family:var( --e-global-typography-primary-font-family ), Sans-serif;font-weight:var( --e-global-typography-primary-font-weight );color:var( --e-global-color-primary );}.elementor-777 .elementor-element.elementor-element-77985fa{padding:0px 0px 30px 0px;}.elementor-widget-text-editor{font-family:var( --e-global-typography-text-font-family ), Sans-serif;font-weight:var( --e-global-typography-text-font-weight );color:var( --e-global-color-text );}.elementor-widget-text-editor.elementor-drop-cap-view-stacked .elementor-drop-cap{background-color:var( --e-global-color-primary );}.elementor-widget-text-editor.elementor-drop-cap-view-framed .elementor-drop-cap, .elementor-widget-text-editor.elementor-drop-cap-view-default .elementor-drop-cap{color:var( --e-global-color-primary );border-color:var( --e-global-color-primary );}.elementor-777 .elementor-element.elementor-element-fcf77df{font-family:\"Comic Neue\", Sans-serif;font-weight:400;}@media(min-width:768px){.elementor-777 .elementor-element.elementor-element-464b2a2a{--content-width:1140px;}}<\/style>\t\t<div data-elementor-type=\"wp-page\" data-elementor-id=\"777\" class=\"elementor elementor-777\">\n\t\t\t\t<div class=\"elementor-element elementor-element-464b2a2a e-flex e-con-boxed e-con e-parent\" data-id=\"464b2a2a\" data-element_type=\"container\" data-e-type=\"container\">\n\t\t\t\t\t<div class=\"e-con-inner\">\n\t\t\t\t<div class=\"elementor-element elementor-element-77985fa elementor-widget elementor-widget-heading\" data-id=\"77985fa\" data-element_type=\"widget\" data-e-type=\"widget\" data-widget_type=\"heading.default\">\n\t\t\t\t\t<h2 class=\"elementor-heading-title elementor-size-default\">Cookie-Richtlinie<\/h2>\t\t\t\t<\/div>\n\t\t\t\t<div class=\"elementor-element elementor-element-fcf77df elementor-widget elementor-widget-text-editor\" data-id=\"fcf77df\" data-element_type=\"widget\" data-e-type=\"widget\" data-widget_type=\"text-editor.default\">\n\t\t\t\t\t\t\t\t\t<p><b>www.gestionvacacionalconil.com\u00a0<\/b><\/p><p><span style=\"font-weight: 400;\">Der Zugriff auf diese Website kann die Verwendung von Cookies beinhalten. Cookies sind kleine Textdateien, die im Browser jedes Nutzers \u2013 auf den verschiedenen Ger\u00e4ten, die er zum Surfen verwendet \u2013 gespeichert werden. Dadurch merkt sich der Server bestimmte Informationen, die nur der Server, der den Cookie gesetzt hat, sp\u00e4ter wieder auslesen kann. Cookies erleichtern das Surfen, machen es benutzerfreundlicher und schaden dem Ger\u00e4t nicht.<\/span><\/p><p><span style=\"font-weight: 400;\">Cookies sind automatische Verfahren zur Erfassung von Informationen \u00fcber die vom Benutzer w\u00e4hrend seines Besuchs auf der Website festgelegten Pr\u00e4ferenzen, um ihn als Benutzer zu erkennen und sein Erlebnis und seine Nutzung der Website zu personalisieren. Sie k\u00f6nnen beispielsweise auch dazu beitragen, Fehler zu identifizieren und zu beheben.<\/span><\/p><p><span style=\"font-weight: 400;\">Die mithilfe von Cookies gesammelten Informationen k\u00f6nnen Datum und Uhrzeit des Website-Besuchs, die aufgerufenen Seiten, die Verweildauer auf der Website sowie die unmittelbar zuvor und anschlie\u00dfend besuchten Seiten umfassen. Cookies haben jedoch keinen Zugriff auf die Telefonnummer oder andere pers\u00f6nliche Kontaktdaten des Nutzers. Sie k\u00f6nnen auch keine Informationen von der Festplatte des Nutzers extrahieren oder pers\u00f6nliche Daten stehlen. Die einzige M\u00f6glichkeit, private Informationen des Nutzers in der Cookie-Datei zu speichern, besteht darin, dass der Nutzer diese Informationen dem Server selbst zur Verf\u00fcgung stellt.<\/span><\/p><p><span style=\"font-weight: 400;\">Cookies, die die Identifizierung einer Person erm\u00f6glichen, gelten als personenbezogene Daten. Daher findet die oben beschriebene Datenschutzrichtlinie auch auf sie Anwendung. In diesem Zusammenhang ist die Einwilligung des Nutzers f\u00fcr ihre Verwendung erforderlich. Diese Einwilligung wird durch eine ausdr\u00fcckliche und aktive Entscheidung vor der ersten Verarbeitung eingeholt und ist jederzeit widerrufbar und dokumentiert.<\/span><\/p><h3><span style=\"font-weight: 400;\">Cookies von Drittanbietern<\/span><\/h3><p><span style=\"font-weight: 400;\">Hierbei handelt es sich um Cookies, die von externen Anbietern verwendet und verwaltet werden, welche Gesti\u00f3n Vacacional Conil Dienstleistungen im Auftrag des Unternehmens bereitstellen, um die Website und das Nutzererlebnis zu verbessern. Die Cookies von Drittanbietern dienen haupts\u00e4chlich dazu, Zugriffsstatistiken zu erfassen und das Nutzerverhalten auf der Website zu analysieren.<\/span><\/p><p><span style=\"font-weight: 400;\">Die erfassten Informationen umfassen beispielsweise die Anzahl der besuchten Seiten, die Sprache, den Standort der IP-Adresse, von der aus der Nutzer auf die Website zugreift, die Anzahl der Nutzer, die H\u00e4ufigkeit und das Wiederkehren der Besuche, die Besuchsdauer, den verwendeten Browser sowie den Betreiber oder Ger\u00e4tetyp. Diese Informationen dienen der Verbesserung der Website und der Ermittlung neuer Bed\u00fcrfnisse, um Nutzern optimale Inhalte und\/oder Dienstleistungen anbieten zu k\u00f6nnen. Die Daten werden in jedem Fall anonymisiert erfasst, und die Website-Trendberichte werden ohne Identifizierung einzelner Nutzer erstellt.<\/span><\/p><p><span style=\"font-weight: 400;\">Weitere Informationen zu Cookies, Datenschutzbestimmungen sowie eine Beschreibung der verwendeten Cookie-Arten, ihrer Hauptmerkmale, G\u00fcltigkeitsdauer usw. finden Sie unter den folgenden Links:<\/span><\/p><p><span style=\"font-weight: 400;\">Google Analytics: https:\/\/support.google.com\/analytics\/answer\/11397207?hl=es<\/span><\/p><p><span style=\"font-weight: 400;\">Die f\u00fcr die Bereitstellung von Cookies verantwortliche(n) Stelle(n) kann\/k\u00f6nnen diese Informationen an Dritte weitergeben, sofern dies gesetzlich vorgeschrieben ist oder ein Dritter diese Informationen im Auftrag dieser Stelle verarbeitet.<\/span><\/p><h3>Cookies f\u00fcr soziale Medien<\/h3><p><span style=\"font-weight: 400;\">Gesti\u00f3n Vacacional Conil verwendet Social-Media-Plugins, die den Zugriff auf diese Plattformen \u00fcber die Website erm\u00f6glichen. Daher k\u00f6nnen Social-Media-Cookies im Browser des Nutzers gespeichert werden. Die Betreiber dieser Social-Media-Plattformen haben eigene Datenschutz- und Cookie-Richtlinien und sind f\u00fcr ihre Dateien und Datenschutzpraktiken verantwortlich. Der Nutzer sollte diese Richtlinien einsehen, um sich \u00fcber diese Cookies und gegebenenfalls die Verarbeitung seiner personenbezogenen Daten zu informieren. Die Links zu diesen Datenschutz- und\/oder Cookie-Richtlinien finden Sie unten \u2013 ausschlie\u00dflich zu Informationszwecken:<\/span><\/p><ul><li style=\"font-weight: 400;\" aria-level=\"1\"><span style=\"font-weight: 400;\">Facebook: <\/span><a href=\"https:\/\/www.facebook.com\/policies\/cookies\/\"><span style=\"font-weight: 400;\">https:\/\/www.facebook.com\/policies\/cookies\/<\/span><\/a><\/li><li style=\"font-weight: 400;\" aria-level=\"1\"><span style=\"font-weight: 400;\">Twitter: <\/span><a href=\"https:\/\/twitter.com\/es\/privacy\"><span style=\"font-weight: 400;\">https:\/\/twitter.com\/es\/privacy<\/span><\/a><\/li><li style=\"font-weight: 400;\" aria-level=\"1\"><span style=\"font-weight: 400;\">Instagram: <\/span><a href=\"https:\/\/help.instagram.com\/1896641480634370?ref=ig\"><span style=\"font-weight: 400;\">https:\/\/help.instagram.com\/1896641480634370?ref=ig<\/span><\/a><\/li><li style=\"font-weight: 400;\" aria-level=\"1\"><span style=\"font-weight: 400;\">YouTube: <\/span><a href=\"https:\/\/policies.google.com\/privacy?hl=es-419&amp;gl=mx\"><span style=\"font-weight: 400;\">https:\/\/policies.google.com\/privacy?hl=es-419&amp;gl=mx<\/span><\/a><\/li><li style=\"font-weight: 400;\" aria-level=\"1\"><span style=\"font-weight: 400;\">Pinterest: <\/span><a href=\"https:\/\/policy.pinterest.com\/es\/privacy-policy\"><span style=\"font-weight: 400;\">https:\/\/policy.pinterest.com\/es\/privacy-policy<\/span><\/a><\/li><li style=\"font-weight: 400;\" aria-level=\"1\"><span style=\"font-weight: 400;\">LinkedIn: <\/span><a href=\"https:\/\/www.linkedin.com\/legal\/cookie-policy?trk=hp-cookies\"><span style=\"font-weight: 400;\">https:\/\/www.linkedin.com\/legal\/cookie-policy?trk=hp-cookies<\/span><\/a><\/li><\/ul><h4>\u00a0<\/h4><h3>Cookies deaktivieren, ablehnen und l\u00f6schen<\/h3><p><span style=\"font-weight: 400;\">Nutzer k\u00f6nnen Cookies \u2013 ganz oder teilweise \u2013 auf ihrem Ger\u00e4t deaktivieren, ablehnen und l\u00f6schen, indem sie ihren Browser (z. B. Chrome, Firefox, Safari oder Internet Explorer) entsprechend konfigurieren. Die Vorgehensweise zum Ablehnen und L\u00f6schen von Cookies kann je nach Browser variieren. Daher sollten Nutzer die Anweisungen ihres jeweiligen Browsers konsultieren. Auch wenn ein Nutzer die Verwendung von Cookies \u2013 ganz oder teilweise \u2013 ablehnt, kann er die Website weiterhin nutzen, allerdings kann der Zugriff auf einige Funktionen eingeschr\u00e4nkt sein.<\/span><\/p><p>\u00a0<\/p>\t\t\t\t\t\t\t\t<\/div>\n\t\t\t\t\t<\/div>\n\t\t\t\t<\/div>\n\t\t\t\t<\/div>","protected":false},"excerpt":{"rendered":"<p>Pol\u00edtica de Cookies www.gestionvacacionalconil.com\u00a0 El acceso a este Sitio Web puede implicar la utilizaci\u00f3n de cookies. Las cookies son peque\u00f1as cantidades de informaci\u00f3n que se almacenan en el navegador utilizado por cada Usuario \u2014en los distintos dispositivos que pueda utilizar para navegar\u2014 para que el servidor recuerde cierta informaci\u00f3n que posteriormente y \u00fanicamente el servidor [&hellip;]<\/p>\n","protected":false},"author":1,"featured_media":0,"parent":0,"menu_order":0,"comment_status":"closed","ping_status":"closed","template":"elementor_header_footer","meta":{"footnotes":""},"class_list":["post-777","page","type-page","status-publish","hentry"],"yoast_head":"<!-- This site is optimized with the Yoast SEO Premium plugin v26.3 (Yoast SEO v27.3) - https:\/\/yoast.com\/product\/yoast-seo-premium-wordpress\/ -->\n<title>Pol\u00edtica de Cookies - Conil-Alquiler de alojamientos- Casas a la mano de Diego<\/title>\n<meta name=\"robots\" content=\"index, follow, max-snippet:-1, max-image-preview:large, max-video-preview:-1\" \/>\n<link rel=\"canonical\" href=\"https:\/\/gestionvacacionalconil.com\/de-de\/politica-de-cookies\/\" \/>\n<meta property=\"og:locale\" content=\"de_DE\" \/>\n<meta property=\"og:type\" content=\"article\" \/>\n<meta property=\"og:title\" content=\"Pol\u00edtica de Cookies\" \/>\n<meta property=\"og:description\" content=\"Pol\u00edtica de Cookies www.gestionvacacionalconil.com\u00a0 El acceso a este Sitio Web puede implicar la utilizaci\u00f3n de cookies. Las cookies son peque\u00f1as cantidades de informaci\u00f3n que se almacenan en el navegador utilizado por cada Usuario \u2014en los distintos dispositivos que pueda utilizar para navegar\u2014 para que el servidor recuerde cierta informaci\u00f3n que posteriormente y \u00fanicamente el servidor [&hellip;]\" \/>\n<meta property=\"og:url\" content=\"https:\/\/gestionvacacionalconil.com\/de-de\/politica-de-cookies\/\" \/>\n<meta property=\"og:site_name\" content=\"Conil-Alquiler de alojamientos- Casas a la mano de Diego\" \/>\n<meta property=\"article:modified_time\" content=\"2025-11-25T20:47:03+00:00\" \/>\n<meta property=\"og:image\" content=\"https:\/\/gestionvacacionalconil.com\/wp-content\/uploads\/2025\/09\/Logo-Getion-vacacional-e1759302912386.png\" \/>\n\t<meta property=\"og:image:width\" content=\"547\" \/>\n\t<meta property=\"og:image:height\" content=\"475\" \/>\n\t<meta property=\"og:image:type\" content=\"image\/png\" \/>\n<meta name=\"twitter:card\" content=\"summary_large_image\" \/>\n<meta name=\"twitter:label1\" content=\"Gesch\u00e4tzte Lesezeit\" \/>\n\t<meta name=\"twitter:data1\" content=\"4\u00a0Minuten\" \/>\n<script type=\"application\/ld+json\" class=\"yoast-schema-graph\">{\"@context\":\"https:\\\/\\\/schema.org\",\"@graph\":[{\"@type\":\"WebPage\",\"@id\":\"https:\\\/\\\/gestionvacacionalconil.com\\\/politica-de-cookies\\\/\",\"url\":\"https:\\\/\\\/gestionvacacionalconil.com\\\/politica-de-cookies\\\/\",\"name\":\"Pol\u00edtica de Cookies - Conil-Alquiler de alojamientos- Casas a la mano de Diego\",\"isPartOf\":{\"@id\":\"https:\\\/\\\/gestionvacacionalconil.com\\\/#website\"},\"datePublished\":\"2025-08-12T12:53:49+00:00\",\"dateModified\":\"2025-11-25T20:47:03+00:00\",\"breadcrumb\":{\"@id\":\"https:\\\/\\\/gestionvacacionalconil.com\\\/politica-de-cookies\\\/#breadcrumb\"},\"inLanguage\":\"de\",\"potentialAction\":[{\"@type\":\"ReadAction\",\"target\":[\"https:\\\/\\\/gestionvacacionalconil.com\\\/politica-de-cookies\\\/\"]}]},{\"@type\":\"BreadcrumbList\",\"@id\":\"https:\\\/\\\/gestionvacacionalconil.com\\\/politica-de-cookies\\\/#breadcrumb\",\"itemListElement\":[{\"@type\":\"ListItem\",\"position\":1,\"name\":\"Portada\",\"item\":\"https:\\\/\\\/gestionvacacionalconil.com\\\/\"},{\"@type\":\"ListItem\",\"position\":2,\"name\":\"Pol\u00edtica de Cookies\"}]},{\"@type\":\"WebSite\",\"@id\":\"https:\\\/\\\/gestionvacacionalconil.com\\\/#website\",\"url\":\"https:\\\/\\\/gestionvacacionalconil.com\\\/\",\"name\":\"Conil-Alquiler de alojamientos- Casas a la mano de Diego\",\"description\":\"Alquiler  vacacional de casas en Conil de la Frontera\",\"publisher\":{\"@id\":\"https:\\\/\\\/gestionvacacionalconil.com\\\/#organization\"},\"alternateName\":\"Alquiler vacacional Conil\",\"potentialAction\":[{\"@type\":\"SearchAction\",\"target\":{\"@type\":\"EntryPoint\",\"urlTemplate\":\"https:\\\/\\\/gestionvacacionalconil.com\\\/?s={search_term_string}\"},\"query-input\":{\"@type\":\"PropertyValueSpecification\",\"valueRequired\":true,\"valueName\":\"search_term_string\"}}],\"inLanguage\":\"de\"},{\"@type\":\"Organization\",\"@id\":\"https:\\\/\\\/gestionvacacionalconil.com\\\/#organization\",\"name\":\"Gestion Vacacional Conil\",\"alternateName\":\"Alquiler vacacional Conil\",\"url\":\"https:\\\/\\\/gestionvacacionalconil.com\\\/\",\"logo\":{\"@type\":\"ImageObject\",\"inLanguage\":\"de\",\"@id\":\"https:\\\/\\\/gestionvacacionalconil.com\\\/#\\\/schema\\\/logo\\\/image\\\/\",\"url\":\"https:\\\/\\\/gestionvacacionalconil.com\\\/wp-content\\\/uploads\\\/2025\\\/07\\\/DP-CONIL-GESTION-TURISTICA-01-1-e1761118799524.png\",\"contentUrl\":\"https:\\\/\\\/gestionvacacionalconil.com\\\/wp-content\\\/uploads\\\/2025\\\/07\\\/DP-CONIL-GESTION-TURISTICA-01-1-e1761118799524.png\",\"width\":2480,\"height\":1327,\"caption\":\"Gestion Vacacional Conil\"},\"image\":{\"@id\":\"https:\\\/\\\/gestionvacacionalconil.com\\\/#\\\/schema\\\/logo\\\/image\\\/\"},\"description\":\"Gestion Vacacional Conil ofrece casas y apartamentos de alquiler en Conil de la Frontera. Disponemos de casas cerca de la playa y de apartamentos en el centro de Conil.\"}]}<\/script>\n<!-- \/ Yoast SEO Premium plugin. -->","yoast_head_json":{"title":"Pol\u00edtica de Cookies - Conil-Alquiler de alojamientos- Casas a la mano de Diego","robots":{"index":"index","follow":"follow","max-snippet":"max-snippet:-1","max-image-preview":"max-image-preview:large","max-video-preview":"max-video-preview:-1"},"canonical":"https:\/\/gestionvacacionalconil.com\/de-de\/politica-de-cookies\/","og_locale":"de_DE","og_type":"article","og_title":"Pol\u00edtica de Cookies","og_description":"Pol\u00edtica de Cookies www.gestionvacacionalconil.com\u00a0 El acceso a este Sitio Web puede implicar la utilizaci\u00f3n de cookies. Las cookies son peque\u00f1as cantidades de informaci\u00f3n que se almacenan en el navegador utilizado por cada Usuario \u2014en los distintos dispositivos que pueda utilizar para navegar\u2014 para que el servidor recuerde cierta informaci\u00f3n que posteriormente y \u00fanicamente el servidor [&hellip;]","og_url":"https:\/\/gestionvacacionalconil.com\/de-de\/politica-de-cookies\/","og_site_name":"Conil-Alquiler de alojamientos- Casas a la mano de Diego","article_modified_time":"2025-11-25T20:47:03+00:00","og_image":[{"width":547,"height":475,"url":"https:\/\/gestionvacacionalconil.com\/wp-content\/uploads\/2025\/09\/Logo-Getion-vacacional-e1759302912386.png","type":"image\/png"}],"twitter_card":"summary_large_image","twitter_misc":{"Gesch\u00e4tzte Lesezeit":"4\u00a0Minuten"},"schema":{"@context":"https:\/\/schema.org","@graph":[{"@type":"WebPage","@id":"https:\/\/gestionvacacionalconil.com\/politica-de-cookies\/","url":"https:\/\/gestionvacacionalconil.com\/politica-de-cookies\/","name":"Pol\u00edtica de Cookies - Conil-Alquiler de alojamientos- Casas a la mano de Diego","isPartOf":{"@id":"https:\/\/gestionvacacionalconil.com\/#website"},"datePublished":"2025-08-12T12:53:49+00:00","dateModified":"2025-11-25T20:47:03+00:00","breadcrumb":{"@id":"https:\/\/gestionvacacionalconil.com\/politica-de-cookies\/#breadcrumb"},"inLanguage":"de","potentialAction":[{"@type":"ReadAction","target":["https:\/\/gestionvacacionalconil.com\/politica-de-cookies\/"]}]},{"@type":"BreadcrumbList","@id":"https:\/\/gestionvacacionalconil.com\/politica-de-cookies\/#breadcrumb","itemListElement":[{"@type":"ListItem","position":1,"name":"Portada","item":"https:\/\/gestionvacacionalconil.com\/"},{"@type":"ListItem","position":2,"name":"Pol\u00edtica de Cookies"}]},{"@type":"WebSite","@id":"https:\/\/gestionvacacionalconil.com\/#website","url":"https:\/\/gestionvacacionalconil.com\/","name":"Conil \u2013 Ferienwohnungen \u2013 H\u00e4user in Diegos unmittelbarer N\u00e4he","description":"Ferienvermietung von H\u00e4usern in Conil de la Frontera","publisher":{"@id":"https:\/\/gestionvacacionalconil.com\/#organization"},"alternateName":"Alquiler vacacional Conil","potentialAction":[{"@type":"SearchAction","target":{"@type":"EntryPoint","urlTemplate":"https:\/\/gestionvacacionalconil.com\/?s={search_term_string}"},"query-input":{"@type":"PropertyValueSpecification","valueRequired":true,"valueName":"search_term_string"}}],"inLanguage":"de"},{"@type":"Organization","@id":"https:\/\/gestionvacacionalconil.com\/#organization","name":"Conil Holiday Management","alternateName":"Alquiler vacacional Conil","url":"https:\/\/gestionvacacionalconil.com\/","logo":{"@type":"ImageObject","inLanguage":"de","@id":"https:\/\/gestionvacacionalconil.com\/#\/schema\/logo\/image\/","url":"https:\/\/gestionvacacionalconil.com\/wp-content\/uploads\/2025\/07\/DP-CONIL-GESTION-TURISTICA-01-1-e1761118799524.png","contentUrl":"https:\/\/gestionvacacionalconil.com\/wp-content\/uploads\/2025\/07\/DP-CONIL-GESTION-TURISTICA-01-1-e1761118799524.png","width":2480,"height":1327,"caption":"Gestion Vacacional Conil"},"image":{"@id":"https:\/\/gestionvacacionalconil.com\/#\/schema\/logo\/image\/"},"description":"Gestion Vacacional Conil bietet H\u00e4user und Wohnungen zur Miete in Conil de la Frontera an. Wir haben H\u00e4user in Strandn\u00e4he und Wohnungen im Zentrum von Conil."}]}},"_links":{"self":[{"href":"https:\/\/gestionvacacionalconil.com\/de-de\/wp-json\/wp\/v2\/pages\/777","targetHints":{"allow":["GET"]}}],"collection":[{"href":"https:\/\/gestionvacacionalconil.com\/de-de\/wp-json\/wp\/v2\/pages"}],"about":[{"href":"https:\/\/gestionvacacionalconil.com\/de-de\/wp-json\/wp\/v2\/types\/page"}],"author":[{"embeddable":true,"href":"https:\/\/gestionvacacionalconil.com\/de-de\/wp-json\/wp\/v2\/users\/1"}],"replies":[{"embeddable":true,"href":"https:\/\/gestionvacacionalconil.com\/de-de\/wp-json\/wp\/v2\/comments?post=777"}],"version-history":[{"count":10,"href":"https:\/\/gestionvacacionalconil.com\/de-de\/wp-json\/wp\/v2\/pages\/777\/revisions"}],"predecessor-version":[{"id":2274,"href":"https:\/\/gestionvacacionalconil.com\/de-de\/wp-json\/wp\/v2\/pages\/777\/revisions\/2274"}],"wp:attachment":[{"href":"https:\/\/gestionvacacionalconil.com\/de-de\/wp-json\/wp\/v2\/media?parent=777"}],"curies":[{"name":"wp","href":"https:\/\/api.w.org\/{rel}","templated":true}]}}