{"id":757,"date":"2025-08-12T12:47:41","date_gmt":"2025-08-12T12:47:41","guid":{"rendered":"https:\/\/gestionvacacionalconil.com\/?page_id=757"},"modified":"2025-11-25T20:45:28","modified_gmt":"2025-11-25T20:45:28","slug":"aviso-legal","status":"publish","type":"page","link":"https:\/\/gestionvacacionalconil.com\/de-de\/aviso-legal\/","title":{"rendered":"Rechtlicher Hinweis"},"content":{"rendered":"<style>.elementor-757 .elementor-element.elementor-element-464b2a2a{--display:flex;--padding-top:150px;--padding-bottom:150px;--padding-left:0px;--padding-right:0px;}.elementor-widget-heading .elementor-heading-title{font-family:var( --e-global-typography-primary-font-family ), Sans-serif;font-weight:var( --e-global-typography-primary-font-weight );color:var( --e-global-color-primary );}.elementor-757 .elementor-element.elementor-element-77985fa{padding:0px 0px 30px 0px;}.elementor-widget-text-editor{font-family:var( --e-global-typography-text-font-family ), Sans-serif;font-weight:var( --e-global-typography-text-font-weight );color:var( --e-global-color-text );}.elementor-widget-text-editor.elementor-drop-cap-view-stacked .elementor-drop-cap{background-color:var( --e-global-color-primary );}.elementor-widget-text-editor.elementor-drop-cap-view-framed .elementor-drop-cap, .elementor-widget-text-editor.elementor-drop-cap-view-default .elementor-drop-cap{color:var( --e-global-color-primary );border-color:var( --e-global-color-primary );}.elementor-757 .elementor-element.elementor-element-fcf77df{font-family:\"Comic Neue\", Sans-serif;font-weight:400;}@media(min-width:768px){.elementor-757 .elementor-element.elementor-element-464b2a2a{--content-width:1140px;}}<\/style>\t\t<div data-elementor-type=\"wp-page\" data-elementor-id=\"757\" class=\"elementor elementor-757\">\n\t\t\t\t<div class=\"elementor-element elementor-element-464b2a2a e-flex e-con-boxed e-con e-parent\" data-id=\"464b2a2a\" data-element_type=\"container\" data-e-type=\"container\">\n\t\t\t\t\t<div class=\"e-con-inner\">\n\t\t\t\t<div class=\"elementor-element elementor-element-77985fa elementor-widget elementor-widget-heading\" data-id=\"77985fa\" data-element_type=\"widget\" data-e-type=\"widget\" data-widget_type=\"heading.default\">\n\t\t\t\t\t<h2 class=\"elementor-heading-title elementor-size-default\">Rechtlicher Hinweis<\/h2>\t\t\t\t<\/div>\n\t\t\t\t<div class=\"elementor-element elementor-element-fcf77df elementor-widget elementor-widget-text-editor\" data-id=\"fcf77df\" data-element_type=\"widget\" data-e-type=\"widget\" data-widget_type=\"text-editor.default\">\n\t\t\t\t\t\t\t\t\t\n<h3 class=\"wp-block-heading\"><strong>I. ALLGEMEINE INFORMATIONEN<\/strong><\/h3>\n\n<p>Gem\u00e4\u00df der Informationspflicht nach Gesetz 34\/2002 \u00fcber Dienste der Informationsgesellschaft und des elektronischen Gesch\u00e4ftsverkehrs (LSSI-CE) vom 11. Juli werden nachfolgend allgemeine Informationen zu dieser Website bereitgestellt:<\/p>\n\n<p>Die Inhaberschaft dieser Website, www.gestionvacacionalconil.com (nachfolgend \u201eWebsite\u201c), liegt bei: Diego Mu\u00f1oz, mit der Steuernummer (NIF): 75770956D, und dessen Kontaktdaten lauten:<\/p>\n\n<p>Adresse: Hijuela de la mirla 64, Conil de la Frontera, C\u00e1diz (11140)<\/p>\n\n<p>Kontakttelefonnummer: 679272644<\/p>\n\n<p>Kontakt-E-Mail: <a href=\"mailto:info@gestionvacacionalconil.com\">info@gestionvacacionalconil.com<\/a><\/p>\n\n<h3 class=\"wp-block-heading\"><strong>II. ALLGEMEINE NUTZUNGSBEDINGUNGEN<\/strong><\/h3>\n\n<h4 class=\"wp-block-heading\"><strong>Gegenstand der Bedingungen: Die Website<\/strong><\/h4>\n\n<p>Zweck dieser Allgemeinen Nutzungsbedingungen (nachfolgend \u201eBedingungen\u201c) ist die Regelung des Zugangs zur und der Nutzung der Website. Im Sinne dieser Bedingungen umfasst der Begriff \u201eWebsite\u201c: das \u00e4u\u00dfere Erscheinungsbild der Bildschirmoberfl\u00e4chen, sowohl statisch als auch dynamisch, d. h. die Navigationsstruktur; alle in die Bildschirmoberfl\u00e4chen und die Navigationsstruktur integrierten Elemente (nachfolgend \u201eInhalte\u201c) sowie alle Online-Dienste oder -Ressourcen, die Nutzern angeboten werden (nachfolgend \u201eDienste\u201c).<\/p>\n\n<p>Gesti\u00f3n Vacacional Conil beh\u00e4lt sich das Recht vor, die Darstellung und Konfiguration der Website sowie die darin enthaltenen Inhalte und Dienste jederzeit und ohne vorherige Ank\u00fcndigung zu \u00e4ndern. Der Nutzer erkennt an und akzeptiert, dass Gesti\u00f3n Vacacional Conil jederzeit einzelne Elemente der Website oder den Zugriff darauf unterbrechen, deaktivieren und\/oder beenden kann.<\/p>\n\n<p>Der Zugriff des Nutzers auf die Website ist kostenlos und grunds\u00e4tzlich kostenfrei, ohne dass der Nutzer eine Gegenleistung erbringen muss, um sie nutzen zu k\u00f6nnen. Ausgenommen hiervon sind die Kosten f\u00fcr die Verbindung \u00fcber das Telekommunikationsnetz des vom Nutzer beauftragten Zugangsanbieters.<\/p>\n\n<p>Die Nutzung bestimmter Inhalte oder Dienste der Website kann eine vorherige Anmeldung oder Registrierung durch den Nutzer erfordern.<\/p>\n\n<h4 class=\"wp-block-heading\"><strong>Der Benutzer<\/strong><\/h4>\n\n<p>Durch den Zugriff auf, das Durchsuchen und die Nutzung dieser Website erlangen Sie den Status eines Nutzers. Indem Sie mit dem Durchsuchen der Website beginnen, akzeptieren Sie daher alle hierin festgelegten Bedingungen sowie etwaige sp\u00e4tere \u00c4nderungen, unbeschadet der Anwendung der jeweils geltenden zwingenden gesetzlichen Bestimmungen. Angesichts der Bedeutung des Vorstehenden wird Nutzern empfohlen, diese Bedingungen bei jedem Besuch der Website zu lesen.<\/p>\n\n<p>Die Website von Conil Vacation Management bietet vielf\u00e4ltige Informationen, Dienstleistungen und Daten. Der Nutzer ist f\u00fcr die ordnungsgem\u00e4\u00dfe Nutzung der Website verantwortlich. Diese Verantwortung erstreckt sich insbesondere auf:<\/p>\n\n<ul class=\"wp-block-list\">\n<li>Die Nutzung der von Gesti\u00f3n Vacacional Conil angebotenen Informationen, Inhalte und\/oder Dienstleistungen und Daten in einer Weise, die nicht gegen die Bestimmungen dieser Bedingungen, das Gesetz, die guten Sitten oder die \u00f6ffentliche Ordnung verst\u00f6\u00dft oder die auf irgendeine andere Weise die Rechte Dritter oder die Funktionsf\u00e4higkeit der Website beeintr\u00e4chtigen k\u00f6nnte.<\/li>\n\n<li>Der Nutzer ist f\u00fcr die Richtigkeit und Rechtm\u00e4\u00dfigkeit der in den von Gesti\u00f3n Vacacional Conil bereitgestellten Formularen f\u00fcr den Zugriff auf bestimmte Inhalte oder Dienste der Website angegebenen Informationen verantwortlich. Der Nutzer ist verpflichtet, Gesti\u00f3n Vacacional Conil unverz\u00fcglich \u00fcber jedes Ereignis zu informieren, das zu einem Missbrauch der in diesen Formularen erfassten Informationen f\u00fchren k\u00f6nnte, wie beispielsweise Diebstahl, Verlust oder unbefugter Zugriff auf Benutzernamen und\/oder Passw\u00f6rter, damit diese umgehend gesperrt werden k\u00f6nnen.<\/li>\n<\/ul>\n\n<p>Der blo\u00dfe Zugriff auf diese Website impliziert nicht die Begr\u00fcndung irgendeiner Art von Gesch\u00e4ftsbeziehung zwischen Gesti\u00f3n Vacacional Conil und dem Nutzer.<\/p>\n\n<p>Diese Website von Conil Holiday Management steht stets in \u00dcbereinstimmung mit den geltenden Gesetzen und richtet sich an alle Personen, unabh\u00e4ngig vom Alter, die auf die Seiten der Website zugreifen und\/oder diese durchsuchen k\u00f6nnen.<\/p>\n\n<h3 class=\"wp-block-heading\"><strong>III. ZUGANG UND NAVIGATION AUF DER WEBSITE: AUSSCHLUSS VON GEW\u00c4HRLEISTUNGEN UND HAFTUNG<\/strong><\/h3>\n\n<p>Conil Vacation Management \u00fcbernimmt keine Gew\u00e4hr f\u00fcr die st\u00e4ndige Verf\u00fcgbarkeit, den reibungslosen Betrieb oder die Nutzbarkeit der Website, ihrer Inhalte oder Dienste. Conil Vacation Management ist zwar bem\u00fcht, das ordnungsgem\u00e4\u00dfe Funktionieren der Website sicherzustellen, \u00fcbernimmt jedoch keine Verantwortung daf\u00fcr und garantiert nicht, dass der Zugriff auf diese Website ununterbrochen oder fehlerfrei m\u00f6glich ist.<\/p>\n\n<p>Gesti\u00f3n Vacacional Conil \u00fcbernimmt keine Gew\u00e4hr daf\u00fcr, dass die \u00fcber diese Website zug\u00e4nglichen Inhalte oder Software fehlerfrei sind oder keine Sch\u00e4den am Computersystem (Software und Hardware) des Nutzers verursachen. Gesti\u00f3n Vacacional Conil haftet unter keinen Umst\u00e4nden f\u00fcr Verluste, Sch\u00e4den oder sonstige Beeintr\u00e4chtigungen jeglicher Art, die durch den Zugriff auf, das Browsen auf oder die Nutzung der Website entstehen, einschlie\u00dflich, aber nicht beschr\u00e4nkt auf Sch\u00e4den an Computersystemen oder Sch\u00e4den durch Viren.<\/p>\n\n<p>Gesti\u00f3n Vacacional Conil haftet nicht f\u00fcr Sch\u00e4den, die Nutzern durch unsachgem\u00e4\u00dfe Nutzung dieser Website entstehen. Insbesondere \u00fcbernimmt sie keinerlei Haftung f\u00fcr Ausf\u00e4lle, Unterbrechungen oder St\u00f6rungen der Telekommunikation.<\/p>\n\n<h3 class=\"wp-block-heading\"><strong>IV. VERBINDUNGSPOLITIK<\/strong><\/h3>\n\n<p>Es wird berichtet, dass die Website von Conil Vacation Management den Nutzern Verlinkungsmittel (wie beispielsweise Links, Banner, Schaltfl\u00e4chen), Verzeichnisse und Suchmaschinen zur Verf\u00fcgung stellt bzw. zur Verf\u00fcgung stellen kann, die es den Nutzern erm\u00f6glichen, auf Websites zuzugreifen, die Dritten geh\u00f6ren und\/oder von Dritten verwaltet werden.<\/p>\n\n<p>Die Installation dieser Links, Verzeichnisse und Suchmaschinen auf der Website dient dazu, den Nutzern die Suche nach und den Zugriff auf im Internet verf\u00fcgbare Informationen zu erleichtern und sollte nicht als Vorschlag, Empfehlung oder Einladung zum Besuch dieser Seiten verstanden werden.<\/p>\n\n<p>Gesti\u00f3n Vacacional Conil bietet die auf diesen verlinkten Seiten verf\u00fcgbaren Produkte und\/oder Dienstleistungen weder direkt noch \u00fcber Dritte an oder vermarktet sie.<\/p>\n\n<p>Ebenso wenig wird die technische Verf\u00fcgbarkeit, Genauigkeit, Richtigkeit, G\u00fcltigkeit oder Rechtm\u00e4\u00dfigkeit von Websites garantiert, die nicht in ihrem Besitz sind und \u00fcber die Links aufgerufen werden k\u00f6nnen.<\/p>\n\n<p>Gesti\u00f3n Vacacional Conil wird unter keinen Umst\u00e4nden den Inhalt anderer Websites \u00fcberpr\u00fcfen oder kontrollieren, noch billigt, pr\u00fcft oder bef\u00fcrwortet sie die Produkte und Dienstleistungen, Inhalte, Dateien und sonstige Materialien, die auf den vorgenannten verlinkten Seiten vorhanden sind.<\/p>\n\n<p>Gesti\u00f3n Vacacional Conil \u00fcbernimmt keine Haftung f\u00fcr Sch\u00e4den, die durch den Zugriff, die Nutzung, die Qualit\u00e4t oder die Rechtm\u00e4\u00dfigkeit der Inhalte, Mitteilungen, Meinungen, Produkte und Dienstleistungen von Websites entstehen, die nicht von Gesti\u00f3n Vacacional Conil verwaltet werden und mit dieser Website verlinkt sind.<\/p>\n\n<p>Der Nutzer oder Dritte, der einen Hyperlink von einer Webseite einer anderen Webseite zur Webseite von Conil Vacation Management erstellt, sollte Folgendes wissen:<\/p>\n\n<p>Die vollst\u00e4ndige oder teilweise Vervielf\u00e4ltigung von Inhalten und\/oder Dienstleistungen der Website ist ohne die ausdr\u00fcckliche Genehmigung von Gesti\u00f3n Vacacional Conil nicht gestattet.<\/p>\n\n<p>Falsche, ungenaue oder fehlerhafte Aussagen \u00fcber die Website von Conil Vacation Management oder \u00fcber deren Inhalte und\/oder Dienstleistungen sind nicht gestattet.<\/p>\n\n<p>Mit Ausnahme des Hyperlinks darf die Website, auf der dieser Hyperlink eingerichtet ist, keine Elemente dieser Website enthalten, die nach spanischem Recht als geistiges Eigentum gesch\u00fctzt sind, es sei denn, dies wurde von Gesti\u00f3n Vacacional Conil ausdr\u00fccklich genehmigt.<\/p>\n\n<p>Die Einrichtung des Hyperlinks impliziert weder das Bestehen einer Beziehung zwischen Gesti\u00f3n Vacacional Conil und dem Inhaber der Website, von der er stammt, noch die Kenntnis und Akzeptanz der auf dieser Website angebotenen Inhalte, Dienstleistungen und\/oder Aktivit\u00e4ten durch Gesti\u00f3n Vacacional Conil, und umgekehrt.<\/p>\n\n<h3 class=\"wp-block-heading\"><strong>V. GEISTIGES UND GEWERBLICHES EIGENTUM<\/strong><\/h3>\n\n<p>Gesti\u00f3n Vacacional Conil besitzt, entweder direkt oder als Rechtsnachfolger, s\u00e4mtliche geistigen und gewerblichen Eigentumsrechte an der Website sowie an den darin enthaltenen Elementen (einschlie\u00dflich, aber nicht beschr\u00e4nkt auf Bilder, Ton, Audio, Video, Software oder Texte, Marken oder Logos, Farbkombinationen, Struktur und Design, Auswahl der verwendeten Materialien, f\u00fcr den Betrieb, den Zugriff und die Nutzung notwendige Computerprogramme usw.). Diese Werke sind daher nach spanischem Recht als geistiges Eigentum gesch\u00fctzt und unterliegen sowohl spanischen als auch EU-Vorschriften in diesem Bereich sowie internationalen Vertr\u00e4gen, denen Spanien als Staat beigetreten ist.<\/p>\n\n<p>Alle Rechte vorbehalten. Gem\u00e4\u00df den Bestimmungen des Gesetzes \u00fcber geistiges Eigentum ist die Vervielf\u00e4ltigung, Verbreitung und \u00f6ffentliche Wiedergabe, einschlie\u00dflich der Bereitstellung, des gesamten oder eines Teils des Inhalts dieser Website zu kommerziellen Zwecken in jeglicher Form und mit jeglichen technischen Mitteln ohne die Genehmigung von Gesti\u00f3n Vacacional Conil ausdr\u00fccklich untersagt.<\/p>\n\n<p>Der Nutzer verpflichtet sich, die geistigen und gewerblichen Eigentumsrechte von Gesti\u00f3n Vacacional Conil zu respektieren. Der Nutzer darf die Elemente der Website ansehen und diese auch ausdrucken, kopieren und auf der Festplatte seines Computers oder einem anderen Datentr\u00e4ger speichern, sofern dies ausschlie\u00dflich f\u00fcr den pers\u00f6nlichen Gebrauch erfolgt. Es ist dem Nutzer jedoch untersagt, Schutzvorrichtungen oder Sicherheitssysteme der Website zu l\u00f6schen, zu ver\u00e4ndern oder zu manipulieren.<\/p>\n\n<p>Wenn der Nutzer oder ein Dritter der Ansicht ist, dass Inhalte der Website eine Verletzung von Rechten des geistigen Eigentums darstellen, m\u00fcssen sie Gesti\u00f3n Vacacional Conil unverz\u00fcglich \u00fcber die Kontaktdaten im Abschnitt ALLGEMEINE INFORMATIONEN dieses Rechtshinweises und der Allgemeinen Nutzungsbedingungen benachrichtigen.<\/p>\n\n<h3 class=\"wp-block-heading\"><strong>VI. RECHTSMITTEL, ANWENDBARES RECHT UND GERICHTSSTAND<\/strong><\/h3>\n\n<p>Gesti\u00f3n Vacacional Conil beh\u00e4lt sich das Recht vor, alle zivil- oder strafrechtlichen Schritte einzuleiten, die sie im Falle des Missbrauchs der Website und ihrer Inhalte oder der Nichteinhaltung dieser Allgemeinen Gesch\u00e4ftsbedingungen f\u00fcr notwendig erachtet.<\/p>\n\n<p>Die Beziehung zwischen dem Nutzer und Gesti\u00f3n Vacacional Conil unterliegt dem in Spanien geltenden Recht. Alle Streitigkeiten im Zusammenhang mit der Auslegung und\/oder Anwendung dieser Allgemeinen Gesch\u00e4ftsbedingungen werden vor den ordentlichen Gerichten verhandelt, wobei die Zust\u00e4ndigkeit der zust\u00e4ndigen Richter und Gerichte gilt.<\/p>\n\n<p>\u00a0<\/p>\n\t\t\t\t\t\t\t\t<\/div>\n\t\t\t\t\t<\/div>\n\t\t\t\t<\/div>\n\t\t\t\t<\/div>","protected":false},"excerpt":{"rendered":"<p>Aviso legal I. INFORMACI\u00d3N GENERAL En cumplimiento con el deber de informaci\u00f3n dispuesto en la Ley 34\/2002 de Servicios de la Sociedad de la Informaci\u00f3n y el Comercio Electr\u00f3nico (LSSI-CE) de 11 de julio, se facilitan a continuaci\u00f3n los siguientes datos de informaci\u00f3n general de este sitio web: La titularidad de este sitio web, www.gestionvacacionalconil.com, [&hellip;]<\/p>\n","protected":false},"author":1,"featured_media":0,"parent":0,"menu_order":0,"comment_status":"closed","ping_status":"closed","template":"elementor_header_footer","meta":{"footnotes":""},"class_list":["post-757","page","type-page","status-publish","hentry"],"yoast_head":"<!-- This site is optimized with the Yoast SEO Premium plugin v26.3 (Yoast SEO v27.3) - https:\/\/yoast.com\/product\/yoast-seo-premium-wordpress\/ -->\n<title>Aviso Legal - Conil-Alquiler de alojamientos- Casas a la mano de Diego<\/title>\n<meta name=\"robots\" content=\"noindex, follow\" \/>\n<meta property=\"og:locale\" content=\"de_DE\" \/>\n<meta property=\"og:type\" content=\"article\" \/>\n<meta property=\"og:title\" content=\"Aviso Legal\" \/>\n<meta property=\"og:description\" content=\"Aviso legal I. INFORMACI\u00d3N GENERAL En cumplimiento con el deber de informaci\u00f3n dispuesto en la Ley 34\/2002 de Servicios de la Sociedad de la Informaci\u00f3n y el Comercio Electr\u00f3nico (LSSI-CE) de 11 de julio, se facilitan a continuaci\u00f3n los siguientes datos de informaci\u00f3n general de este sitio web: La titularidad de este sitio web, www.gestionvacacionalconil.com, [&hellip;]\" \/>\n<meta property=\"og:url\" content=\"https:\/\/gestionvacacionalconil.com\/de-de\/aviso-legal\/\" \/>\n<meta property=\"og:site_name\" content=\"Conil-Alquiler de alojamientos- Casas a la mano de Diego\" \/>\n<meta property=\"article:modified_time\" content=\"2025-11-25T20:45:28+00:00\" \/>\n<meta property=\"og:image\" content=\"https:\/\/gestionvacacionalconil.com\/wp-content\/uploads\/2025\/09\/Logo-Getion-vacacional-e1759302912386.png\" \/>\n\t<meta property=\"og:image:width\" content=\"547\" \/>\n\t<meta property=\"og:image:height\" content=\"475\" \/>\n\t<meta property=\"og:image:type\" content=\"image\/png\" \/>\n<meta name=\"twitter:card\" content=\"summary_large_image\" \/>\n<meta name=\"twitter:label1\" content=\"Gesch\u00e4tzte Lesezeit\" \/>\n\t<meta name=\"twitter:data1\" content=\"8\u00a0Minuten\" \/>\n<script type=\"application\/ld+json\" class=\"yoast-schema-graph\">{\"@context\":\"https:\\\/\\\/schema.org\",\"@graph\":[{\"@type\":\"WebPage\",\"@id\":\"https:\\\/\\\/gestionvacacionalconil.com\\\/aviso-legal\\\/\",\"url\":\"https:\\\/\\\/gestionvacacionalconil.com\\\/aviso-legal\\\/\",\"name\":\"Aviso Legal - Conil-Alquiler de alojamientos- Casas a la mano de Diego\",\"isPartOf\":{\"@id\":\"https:\\\/\\\/gestionvacacionalconil.com\\\/#website\"},\"datePublished\":\"2025-08-12T12:47:41+00:00\",\"dateModified\":\"2025-11-25T20:45:28+00:00\",\"breadcrumb\":{\"@id\":\"https:\\\/\\\/gestionvacacionalconil.com\\\/aviso-legal\\\/#breadcrumb\"},\"inLanguage\":\"de\",\"potentialAction\":[{\"@type\":\"ReadAction\",\"target\":[\"https:\\\/\\\/gestionvacacionalconil.com\\\/aviso-legal\\\/\"]}]},{\"@type\":\"BreadcrumbList\",\"@id\":\"https:\\\/\\\/gestionvacacionalconil.com\\\/aviso-legal\\\/#breadcrumb\",\"itemListElement\":[{\"@type\":\"ListItem\",\"position\":1,\"name\":\"Portada\",\"item\":\"https:\\\/\\\/gestionvacacionalconil.com\\\/\"},{\"@type\":\"ListItem\",\"position\":2,\"name\":\"Aviso Legal\"}]},{\"@type\":\"WebSite\",\"@id\":\"https:\\\/\\\/gestionvacacionalconil.com\\\/#website\",\"url\":\"https:\\\/\\\/gestionvacacionalconil.com\\\/\",\"name\":\"Conil-Alquiler de alojamientos- Casas a la mano de Diego\",\"description\":\"Alquiler  vacacional de casas en Conil de la Frontera\",\"publisher\":{\"@id\":\"https:\\\/\\\/gestionvacacionalconil.com\\\/#organization\"},\"alternateName\":\"Alquiler vacacional Conil\",\"potentialAction\":[{\"@type\":\"SearchAction\",\"target\":{\"@type\":\"EntryPoint\",\"urlTemplate\":\"https:\\\/\\\/gestionvacacionalconil.com\\\/?s={search_term_string}\"},\"query-input\":{\"@type\":\"PropertyValueSpecification\",\"valueRequired\":true,\"valueName\":\"search_term_string\"}}],\"inLanguage\":\"de\"},{\"@type\":\"Organization\",\"@id\":\"https:\\\/\\\/gestionvacacionalconil.com\\\/#organization\",\"name\":\"Gestion Vacacional Conil\",\"alternateName\":\"Alquiler vacacional Conil\",\"url\":\"https:\\\/\\\/gestionvacacionalconil.com\\\/\",\"logo\":{\"@type\":\"ImageObject\",\"inLanguage\":\"de\",\"@id\":\"https:\\\/\\\/gestionvacacionalconil.com\\\/#\\\/schema\\\/logo\\\/image\\\/\",\"url\":\"https:\\\/\\\/gestionvacacionalconil.com\\\/wp-content\\\/uploads\\\/2025\\\/07\\\/DP-CONIL-GESTION-TURISTICA-01-1-e1761118799524.png\",\"contentUrl\":\"https:\\\/\\\/gestionvacacionalconil.com\\\/wp-content\\\/uploads\\\/2025\\\/07\\\/DP-CONIL-GESTION-TURISTICA-01-1-e1761118799524.png\",\"width\":2480,\"height\":1327,\"caption\":\"Gestion Vacacional Conil\"},\"image\":{\"@id\":\"https:\\\/\\\/gestionvacacionalconil.com\\\/#\\\/schema\\\/logo\\\/image\\\/\"},\"description\":\"Gestion Vacacional Conil ofrece casas y apartamentos de alquiler en Conil de la Frontera. Disponemos de casas cerca de la playa y de apartamentos en el centro de Conil.\"}]}<\/script>\n<!-- \/ Yoast SEO Premium plugin. -->","yoast_head_json":{"title":"Aviso Legal - Conil-Alquiler de alojamientos- Casas a la mano de Diego","robots":{"index":"noindex","follow":"follow"},"og_locale":"de_DE","og_type":"article","og_title":"Aviso Legal","og_description":"Aviso legal I. INFORMACI\u00d3N GENERAL En cumplimiento con el deber de informaci\u00f3n dispuesto en la Ley 34\/2002 de Servicios de la Sociedad de la Informaci\u00f3n y el Comercio Electr\u00f3nico (LSSI-CE) de 11 de julio, se facilitan a continuaci\u00f3n los siguientes datos de informaci\u00f3n general de este sitio web: La titularidad de este sitio web, www.gestionvacacionalconil.com, [&hellip;]","og_url":"https:\/\/gestionvacacionalconil.com\/de-de\/aviso-legal\/","og_site_name":"Conil-Alquiler de alojamientos- Casas a la mano de Diego","article_modified_time":"2025-11-25T20:45:28+00:00","og_image":[{"width":547,"height":475,"url":"https:\/\/gestionvacacionalconil.com\/wp-content\/uploads\/2025\/09\/Logo-Getion-vacacional-e1759302912386.png","type":"image\/png"}],"twitter_card":"summary_large_image","twitter_misc":{"Gesch\u00e4tzte Lesezeit":"8\u00a0Minuten"},"schema":{"@context":"https:\/\/schema.org","@graph":[{"@type":"WebPage","@id":"https:\/\/gestionvacacionalconil.com\/aviso-legal\/","url":"https:\/\/gestionvacacionalconil.com\/aviso-legal\/","name":"Aviso Legal - Conil-Alquiler de alojamientos- Casas a la mano de Diego","isPartOf":{"@id":"https:\/\/gestionvacacionalconil.com\/#website"},"datePublished":"2025-08-12T12:47:41+00:00","dateModified":"2025-11-25T20:45:28+00:00","breadcrumb":{"@id":"https:\/\/gestionvacacionalconil.com\/aviso-legal\/#breadcrumb"},"inLanguage":"de","potentialAction":[{"@type":"ReadAction","target":["https:\/\/gestionvacacionalconil.com\/aviso-legal\/"]}]},{"@type":"BreadcrumbList","@id":"https:\/\/gestionvacacionalconil.com\/aviso-legal\/#breadcrumb","itemListElement":[{"@type":"ListItem","position":1,"name":"Portada","item":"https:\/\/gestionvacacionalconil.com\/"},{"@type":"ListItem","position":2,"name":"Aviso Legal"}]},{"@type":"WebSite","@id":"https:\/\/gestionvacacionalconil.com\/#website","url":"https:\/\/gestionvacacionalconil.com\/","name":"Conil \u2013 Ferienwohnungen \u2013 H\u00e4user in Diegos unmittelbarer N\u00e4he","description":"Ferienvermietung von H\u00e4usern in Conil de la Frontera","publisher":{"@id":"https:\/\/gestionvacacionalconil.com\/#organization"},"alternateName":"Alquiler vacacional Conil","potentialAction":[{"@type":"SearchAction","target":{"@type":"EntryPoint","urlTemplate":"https:\/\/gestionvacacionalconil.com\/?s={search_term_string}"},"query-input":{"@type":"PropertyValueSpecification","valueRequired":true,"valueName":"search_term_string"}}],"inLanguage":"de"},{"@type":"Organization","@id":"https:\/\/gestionvacacionalconil.com\/#organization","name":"Conil Holiday Management","alternateName":"Alquiler vacacional Conil","url":"https:\/\/gestionvacacionalconil.com\/","logo":{"@type":"ImageObject","inLanguage":"de","@id":"https:\/\/gestionvacacionalconil.com\/#\/schema\/logo\/image\/","url":"https:\/\/gestionvacacionalconil.com\/wp-content\/uploads\/2025\/07\/DP-CONIL-GESTION-TURISTICA-01-1-e1761118799524.png","contentUrl":"https:\/\/gestionvacacionalconil.com\/wp-content\/uploads\/2025\/07\/DP-CONIL-GESTION-TURISTICA-01-1-e1761118799524.png","width":2480,"height":1327,"caption":"Gestion Vacacional Conil"},"image":{"@id":"https:\/\/gestionvacacionalconil.com\/#\/schema\/logo\/image\/"},"description":"Gestion Vacacional Conil bietet H\u00e4user und Wohnungen zur Miete in Conil de la Frontera an. Wir haben H\u00e4user in Strandn\u00e4he und Wohnungen im Zentrum von Conil."}]}},"_links":{"self":[{"href":"https:\/\/gestionvacacionalconil.com\/de-de\/wp-json\/wp\/v2\/pages\/757","targetHints":{"allow":["GET"]}}],"collection":[{"href":"https:\/\/gestionvacacionalconil.com\/de-de\/wp-json\/wp\/v2\/pages"}],"about":[{"href":"https:\/\/gestionvacacionalconil.com\/de-de\/wp-json\/wp\/v2\/types\/page"}],"author":[{"embeddable":true,"href":"https:\/\/gestionvacacionalconil.com\/de-de\/wp-json\/wp\/v2\/users\/1"}],"replies":[{"embeddable":true,"href":"https:\/\/gestionvacacionalconil.com\/de-de\/wp-json\/wp\/v2\/comments?post=757"}],"version-history":[{"count":13,"href":"https:\/\/gestionvacacionalconil.com\/de-de\/wp-json\/wp\/v2\/pages\/757\/revisions"}],"predecessor-version":[{"id":2271,"href":"https:\/\/gestionvacacionalconil.com\/de-de\/wp-json\/wp\/v2\/pages\/757\/revisions\/2271"}],"wp:attachment":[{"href":"https:\/\/gestionvacacionalconil.com\/de-de\/wp-json\/wp\/v2\/media?parent=757"}],"curies":[{"name":"wp","href":"https:\/\/api.w.org\/{rel}","templated":true}]}}